{"id":533,"date":"2021-01-25T13:44:10","date_gmt":"2021-01-25T13:44:10","guid":{"rendered":"https:\/\/silvia-weinans.de\/?page_id=533"},"modified":"2021-02-06T17:00:49","modified_gmt":"2021-02-06T17:00:49","slug":"life-coaching-borken","status":"publish","type":"page","link":"https:\/\/silvia-weinans.de\/index.php\/life-coaching-borken\/","title":{"rendered":"Coaching"},"content":{"rendered":"\t\t<div data-elementor-type=\"wp-page\" data-elementor-id=\"533\" class=\"elementor elementor-533\" data-elementor-settings=\"[]\">\n\t\t\t\t\t\t<div class=\"elementor-inner\">\n\t\t\t\t\t\t\t<div class=\"elementor-section-wrap\">\n\t\t\t\t\t\t\t<section class=\"elementor-section elementor-top-section elementor-element elementor-element-5e3f7ce elementor-section-full_width elementor-section-height-min-height elementor-section-height-default elementor-section-items-middle\" data-id=\"5e3f7ce\" data-element_type=\"section\" data-settings=\"{&quot;background_background&quot;:&quot;classic&quot;,&quot;_ha_eqh_enable&quot;:false}\">\n\t\t\t\t\t\t\t<div class=\"elementor-background-overlay\"><\/div>\n\t\t\t\t\t\t\t<div class=\"elementor-container elementor-column-gap-no\">\n\t\t\t\t\t\t\t<div class=\"elementor-row\">\n\t\t\t\t\t<div class=\"elementor-column elementor-col-100 elementor-top-column elementor-element elementor-element-9b10f43\" data-id=\"9b10f43\" data-element_type=\"column\" data-settings=\"{&quot;background_background&quot;:&quot;classic&quot;}\">\n\t\t\t<div class=\"elementor-column-wrap elementor-element-populated\">\n\t\t\t\t\t<div class=\"elementor-background-overlay\"><\/div>\n\t\t\t\t\t\t\t<div class=\"elementor-widget-wrap\">\n\t\t\t\t\t\t<div class=\"elementor-element elementor-element-ad1b3a4 elementor-widget elementor-widget-heading\" data-id=\"ad1b3a4\" data-element_type=\"widget\" data-widget_type=\"heading.default\">\n\t\t\t\t<div class=\"elementor-widget-container\">\n\t\t\t<h2 class=\"elementor-heading-title elementor-size-default\">Coaching<\/h2>\t\t<\/div>\n\t\t\t\t<\/div>\n\t\t\t\t\t\t<\/div>\n\t\t\t\t\t<\/div>\n\t\t<\/div>\n\t\t\t\t\t\t\t\t<\/div>\n\t\t\t\t\t<\/div>\n\t\t<\/section>\n\t\t\t\t<section class=\"elementor-section elementor-top-section elementor-element elementor-element-2d67125 elementor-section-boxed elementor-section-height-default elementor-section-height-default\" data-id=\"2d67125\" data-element_type=\"section\" data-settings=\"{&quot;background_background&quot;:&quot;classic&quot;,&quot;_ha_eqh_enable&quot;:false}\">\n\t\t\t\t\t\t\t<div class=\"elementor-background-overlay\"><\/div>\n\t\t\t\t\t\t\t<div class=\"elementor-container elementor-column-gap-default\">\n\t\t\t\t\t\t\t<div class=\"elementor-row\">\n\t\t\t\t\t<div class=\"elementor-column elementor-col-100 elementor-top-column elementor-element elementor-element-653b9fa\" data-id=\"653b9fa\" data-element_type=\"column\" data-settings=\"{&quot;background_background&quot;:&quot;classic&quot;}\">\n\t\t\t<div class=\"elementor-column-wrap elementor-element-populated\">\n\t\t\t\t\t\t\t<div class=\"elementor-widget-wrap\">\n\t\t\t\t\t\t<div class=\"elementor-element elementor-element-be854c7 elementor-widget elementor-widget-heading\" data-id=\"be854c7\" data-element_type=\"widget\" data-widget_type=\"heading.default\">\n\t\t\t\t<div class=\"elementor-widget-container\">\n\t\t\t<h4 class=\"elementor-heading-title elementor-size-default\">Einleitung<\/h4>\t\t<\/div>\n\t\t\t\t<\/div>\n\t\t\t\t<div class=\"elementor-element elementor-element-2b8b929 elementor-widget elementor-widget-text-editor\" data-id=\"2b8b929\" data-element_type=\"widget\" data-widget_type=\"text-editor.default\">\n\t\t\t\t<div class=\"elementor-widget-container\">\n\t\t\t\t\t<div class=\"elementor-text-editor elementor-clearfix\"><p>Wir sind als Menschen Lebewesen mit Licht- und Schattenseiten auf dieser Erde. Jede Seite hat seine Funktion und Berechtigung. Wir haben \u00c4ngste.<br \/>Wir wurden in dem Glauben erzogen, dass man sich \u201cim Griff haben muss\u201d, dass es unschicklich ist, seine \u00c4ngste zu \u00e4u\u00dfern, seine Wut zu zeigen, seine Beklemmungen. Jeder Mensch hat aber all diese Empfindungen, von denen man uns sagte, dass sie nicht gut seien. Das hat uns zu einem gesellschaftlichen Leben gef\u00fchrt, in dem jeder eine Maske tr\u00e4gt und wir einander gar nicht erkennen k\u00f6nnen. Die meisten von uns wollen nach au\u00dfen wahrgenommen werden als gl\u00fccklich, erfolgreich, geistreich, leistungsstark etc.. Das Materielle wird hochgehalten, die Sch\u00f6nen, Reichen und Erfolgreichen sind gefragt. Doch mein professionelles Life-Coaching in Borken bietet Dir die L\u00f6sung f\u00fcr ein besseres und selbstbestimmtes Leben.<\/p><\/div>\n\t\t\t\t<\/div>\n\t\t\t\t<\/div>\n\t\t\t\t<div class=\"elementor-element elementor-element-db3f222 elementor-widget elementor-widget-text-editor\" data-id=\"db3f222\" data-element_type=\"widget\" data-widget_type=\"text-editor.default\">\n\t\t\t\t<div class=\"elementor-widget-container\">\n\t\t\t\t\t<div class=\"elementor-text-editor elementor-clearfix\"><p>Wir f\u00fchren ein Leben im Au\u00dfen, was nicht mehr viel mit unserem eigentlichen Sein zu tun hat. Nicht umsonst ist die Nachfrage nach spirituellen F\u00fchrern und Psychotherapeuten so angestiegen.<\/p><\/div>\n\t\t\t\t<\/div>\n\t\t\t\t<\/div>\n\t\t\t\t\t\t<\/div>\n\t\t\t\t\t<\/div>\n\t\t<\/div>\n\t\t\t\t\t\t\t\t<\/div>\n\t\t\t\t\t<\/div>\n\t\t<\/section>\n\t\t\t\t<section class=\"elementor-section elementor-top-section elementor-element elementor-element-093d284 elementor-hidden-phone elementor-hidden-tablet elementor-section-boxed elementor-section-height-default elementor-section-height-default\" data-id=\"093d284\" data-element_type=\"section\" data-settings=\"{&quot;background_background&quot;:&quot;classic&quot;,&quot;_ha_eqh_enable&quot;:false}\">\n\t\t\t\t\t\t\t<div class=\"elementor-background-overlay\"><\/div>\n\t\t\t\t\t\t\t<div class=\"elementor-container elementor-column-gap-default\">\n\t\t\t\t\t\t\t<div class=\"elementor-row\">\n\t\t\t\t\t<div class=\"elementor-column elementor-col-50 elementor-top-column elementor-element elementor-element-3e0b881\" data-id=\"3e0b881\" data-element_type=\"column\" data-settings=\"{&quot;background_background&quot;:&quot;classic&quot;}\">\n\t\t\t<div class=\"elementor-column-wrap elementor-element-populated\">\n\t\t\t\t\t\t\t<div class=\"elementor-widget-wrap\">\n\t\t\t\t\t\t<div class=\"elementor-element elementor-element-11bea48 elementor-widget elementor-widget-heading\" data-id=\"11bea48\" data-element_type=\"widget\" data-widget_type=\"heading.default\">\n\t\t\t\t<div class=\"elementor-widget-container\">\n\t\t\t<h5 class=\"elementor-heading-title elementor-size-default\"><a href=\"https:\/\/silvia-weinans.de\/\">Life Coaching f\u00fcr ein eigenst\u00e4ndiges Leben<\/a><\/h5>\t\t<\/div>\n\t\t\t\t<\/div>\n\t\t\t\t<div class=\"elementor-element elementor-element-4a97c5d elementor-widget elementor-widget-text-editor\" data-id=\"4a97c5d\" data-element_type=\"widget\" data-widget_type=\"text-editor.default\">\n\t\t\t\t<div class=\"elementor-widget-container\">\n\t\t\t\t\t<div class=\"elementor-text-editor elementor-clearfix\">Wir sind au\u00dferdem in einem System \u201cerzogen\u201d worden, in dem man sofort alles bewertet. Diese Bewertungen sind allerdings nur zu oft unangebracht. Alles hat seine Berechtigung und muss angeschaut werden. Nur wenn wir uns in unserem ganzen Dasein sehen, annehmen und lieben, sind wir in unserer Mitte und frei. <\/div>\n\t\t\t\t<\/div>\n\t\t\t\t<\/div>\n\t\t\t\t<div class=\"elementor-element elementor-element-9fb40d0 elementor-widget elementor-widget-text-editor\" data-id=\"9fb40d0\" data-element_type=\"widget\" data-widget_type=\"text-editor.default\">\n\t\t\t\t<div class=\"elementor-widget-container\">\n\t\t\t\t\t<div class=\"elementor-text-editor elementor-clearfix\"><p>Ich lade Dich daher ein, dass wir uns gemeinsam die Gedankenmuster und \u00c4ngste in Dir ansehen, die Dich von einem gl\u00fccklichen und selbstbestimmten Leben abhalten. Was fehlt Dir noch zu Deinem Gl\u00fcck?<\/p><\/div>\n\t\t\t\t<\/div>\n\t\t\t\t<\/div>\n\t\t\t\t\t\t<\/div>\n\t\t\t\t\t<\/div>\n\t\t<\/div>\n\t\t\t\t<div class=\"elementor-column elementor-col-50 elementor-top-column elementor-element elementor-element-06ccc51\" data-id=\"06ccc51\" data-element_type=\"column\" data-settings=\"{&quot;background_background&quot;:&quot;gradient&quot;}\">\n\t\t\t<div class=\"elementor-column-wrap elementor-element-populated\">\n\t\t\t\t\t\t\t<div class=\"elementor-widget-wrap\">\n\t\t\t\t\t\t<div class=\"elementor-element elementor-element-d3c408a elementor-widget elementor-widget-image\" data-id=\"d3c408a\" data-element_type=\"widget\" data-widget_type=\"image.default\">\n\t\t\t\t<div class=\"elementor-widget-container\">\n\t\t\t\t\t<div class=\"elementor-image\">\n\t\t\t\t\t\t\t\t\t\t<img width=\"1024\" height=\"751\" src=\"https:\/\/silvia-weinans.de\/wp-content\/uploads\/2020\/05\/Silvia-coaching-abbildung_neu_02-1024x751.png\" class=\"attachment-large size-large\" alt=\"Silvia Psychotherapie Borken\" loading=\"lazy\" srcset=\"https:\/\/silvia-weinans.de\/wp-content\/uploads\/2020\/05\/Silvia-coaching-abbildung_neu_02-1024x751.png 1024w, https:\/\/silvia-weinans.de\/wp-content\/uploads\/2020\/05\/Silvia-coaching-abbildung_neu_02-300x220.png 300w, https:\/\/silvia-weinans.de\/wp-content\/uploads\/2020\/05\/Silvia-coaching-abbildung_neu_02-768x563.png 768w, https:\/\/silvia-weinans.de\/wp-content\/uploads\/2020\/05\/Silvia-coaching-abbildung_neu_02-1536x1127.png 1536w, https:\/\/silvia-weinans.de\/wp-content\/uploads\/2020\/05\/Silvia-coaching-abbildung_neu_02.png 2000w\" sizes=\"(max-width: 1024px) 100vw, 1024px\" \/>\t\t\t\t\t\t\t\t\t\t\t<\/div>\n\t\t\t\t<\/div>\n\t\t\t\t<\/div>\n\t\t\t\t\t\t<\/div>\n\t\t\t\t\t<\/div>\n\t\t<\/div>\n\t\t\t\t\t\t\t\t<\/div>\n\t\t\t\t\t<\/div>\n\t\t<\/section>\n\t\t\t\t<section class=\"elementor-section elementor-top-section elementor-element elementor-element-e705ec7 elementor-hidden-desktop elementor-reverse-tablet elementor-reverse-mobile elementor-section-boxed elementor-section-height-default elementor-section-height-default\" data-id=\"e705ec7\" data-element_type=\"section\" data-settings=\"{&quot;background_background&quot;:&quot;classic&quot;,&quot;_ha_eqh_enable&quot;:false}\">\n\t\t\t\t\t\t\t<div class=\"elementor-background-overlay\"><\/div>\n\t\t\t\t\t\t\t<div class=\"elementor-container elementor-column-gap-default\">\n\t\t\t\t\t\t\t<div class=\"elementor-row\">\n\t\t\t\t\t<div class=\"elementor-column elementor-col-50 elementor-top-column elementor-element elementor-element-1f71135\" data-id=\"1f71135\" data-element_type=\"column\" data-settings=\"{&quot;background_background&quot;:&quot;classic&quot;}\">\n\t\t\t<div class=\"elementor-column-wrap elementor-element-populated\">\n\t\t\t\t\t\t\t<div class=\"elementor-widget-wrap\">\n\t\t\t\t\t\t<div class=\"elementor-element elementor-element-661fbff elementor-widget elementor-widget-heading\" data-id=\"661fbff\" data-element_type=\"widget\" data-widget_type=\"heading.default\">\n\t\t\t\t<div class=\"elementor-widget-container\">\n\t\t\t<h2 class=\"elementor-heading-title elementor-size-default\">Life Coaching f\u00fcr ein eigenst\u00e4ndiges Leben<\/h2>\t\t<\/div>\n\t\t\t\t<\/div>\n\t\t\t\t<div class=\"elementor-element elementor-element-e64a880 elementor-widget elementor-widget-text-editor\" data-id=\"e64a880\" data-element_type=\"widget\" data-widget_type=\"text-editor.default\">\n\t\t\t\t<div class=\"elementor-widget-container\">\n\t\t\t\t\t<div class=\"elementor-text-editor elementor-clearfix\">Wir sind au\u00dferdem in einem System \u201cerzogen\u201d worden, in dem man sofort alles bewertet. Diese Bewertungen sind allerdings nur zu oft unangebracht. Alles hat seine Berechtigung und muss angeschaut werden. Nur wenn wir uns in unserem ganzen Dasein sehen, annehmen und lieben, sind wir in unserer Mitte und frei. <\/div>\n\t\t\t\t<\/div>\n\t\t\t\t<\/div>\n\t\t\t\t<div class=\"elementor-element elementor-element-550d4ab elementor-widget elementor-widget-text-editor\" data-id=\"550d4ab\" data-element_type=\"widget\" data-widget_type=\"text-editor.default\">\n\t\t\t\t<div class=\"elementor-widget-container\">\n\t\t\t\t\t<div class=\"elementor-text-editor elementor-clearfix\"><p>Ich lade Dich daher ein, dass wir uns gemeinsam die Gedankenmuster und \u00c4ngste in Dir ansehen, die Dich von einem gl\u00fccklichen und selbstbestimmten Leben abhalten. Was fehlt Dir noch zu Deinem Gl\u00fcck?<\/p><\/div>\n\t\t\t\t<\/div>\n\t\t\t\t<\/div>\n\t\t\t\t\t\t<\/div>\n\t\t\t\t\t<\/div>\n\t\t<\/div>\n\t\t\t\t<div class=\"elementor-column elementor-col-50 elementor-top-column elementor-element elementor-element-73db2cf\" data-id=\"73db2cf\" data-element_type=\"column\" data-settings=\"{&quot;background_background&quot;:&quot;gradient&quot;}\">\n\t\t\t<div class=\"elementor-column-wrap elementor-element-populated\">\n\t\t\t\t\t\t\t<div class=\"elementor-widget-wrap\">\n\t\t\t\t\t\t<div class=\"elementor-element elementor-element-5d27fec elementor-widget elementor-widget-image\" data-id=\"5d27fec\" data-element_type=\"widget\" data-widget_type=\"image.default\">\n\t\t\t\t<div class=\"elementor-widget-container\">\n\t\t\t\t\t<div class=\"elementor-image\">\n\t\t\t\t\t\t\t\t\t\t<img width=\"1024\" height=\"751\" src=\"https:\/\/silvia-weinans.de\/wp-content\/uploads\/2020\/05\/Silvia-coaching-abbildung_neu_02-1024x751.png\" class=\"attachment-large size-large\" alt=\"Silvia Psychotherapie Borken\" loading=\"lazy\" srcset=\"https:\/\/silvia-weinans.de\/wp-content\/uploads\/2020\/05\/Silvia-coaching-abbildung_neu_02-1024x751.png 1024w, https:\/\/silvia-weinans.de\/wp-content\/uploads\/2020\/05\/Silvia-coaching-abbildung_neu_02-300x220.png 300w, https:\/\/silvia-weinans.de\/wp-content\/uploads\/2020\/05\/Silvia-coaching-abbildung_neu_02-768x563.png 768w, https:\/\/silvia-weinans.de\/wp-content\/uploads\/2020\/05\/Silvia-coaching-abbildung_neu_02-1536x1127.png 1536w, https:\/\/silvia-weinans.de\/wp-content\/uploads\/2020\/05\/Silvia-coaching-abbildung_neu_02.png 2000w\" sizes=\"(max-width: 1024px) 100vw, 1024px\" \/>\t\t\t\t\t\t\t\t\t\t\t<\/div>\n\t\t\t\t<\/div>\n\t\t\t\t<\/div>\n\t\t\t\t\t\t<\/div>\n\t\t\t\t\t<\/div>\n\t\t<\/div>\n\t\t\t\t\t\t\t\t<\/div>\n\t\t\t\t\t<\/div>\n\t\t<\/section>\n\t\t\t\t<section class=\"elementor-section elementor-top-section elementor-element elementor-element-afc4dad elementor-section-boxed elementor-section-height-default elementor-section-height-default\" data-id=\"afc4dad\" data-element_type=\"section\" data-settings=\"{&quot;background_background&quot;:&quot;classic&quot;,&quot;_ha_eqh_enable&quot;:false}\">\n\t\t\t\t\t\t<div class=\"elementor-container elementor-column-gap-default\">\n\t\t\t\t\t\t\t<div class=\"elementor-row\">\n\t\t\t\t\t<div class=\"elementor-column elementor-col-100 elementor-top-column elementor-element elementor-element-9ca6737\" data-id=\"9ca6737\" data-element_type=\"column\" data-settings=\"{&quot;background_background&quot;:&quot;classic&quot;}\">\n\t\t\t<div class=\"elementor-column-wrap elementor-element-populated\">\n\t\t\t\t\t\t\t<div class=\"elementor-widget-wrap\">\n\t\t\t\t\t\t<div class=\"elementor-element elementor-element-37fc7d5 elementor-widget elementor-widget-text-editor\" data-id=\"37fc7d5\" data-element_type=\"widget\" data-widget_type=\"text-editor.default\">\n\t\t\t\t<div class=\"elementor-widget-container\">\n\t\t\t\t\t<div class=\"elementor-text-editor elementor-clearfix\"><p>Ich m\u00f6chte mir mit Dir zusammen Deine \u201cFestplatte an Gedankenmustern\u201d anschauen, und die Gedanken, die Dir nicht mehr dienlich sind, aufsp\u00fcren, und Dir helfen, Deine Festplatte neu zu bespielen. Ich hoffe wir gehen Deinen Weg zusammen in meinem Life-Coaching in Borken.<br \/>Danke f\u00fcr Dein Vertrauen.<\/p><\/div>\n\t\t\t\t<\/div>\n\t\t\t\t<\/div>\n\t\t\t\t<div class=\"elementor-element elementor-element-e6460ea elementor-widget elementor-widget-image\" data-id=\"e6460ea\" data-element_type=\"widget\" data-widget_type=\"image.default\">\n\t\t\t\t<div class=\"elementor-widget-container\">\n\t\t\t\t\t<div class=\"elementor-image\">\n\t\t\t\t\t\t\t\t\t\t<img width=\"768\" height=\"768\" src=\"https:\/\/silvia-weinans.de\/wp-content\/uploads\/2020\/05\/Abbildung-_silvia_neu-768x768.png\" class=\"attachment-medium_large size-medium_large\" alt=\"Psychotherapie Borken\" loading=\"lazy\" srcset=\"https:\/\/silvia-weinans.de\/wp-content\/uploads\/2020\/05\/Abbildung-_silvia_neu-768x768.png 768w, https:\/\/silvia-weinans.de\/wp-content\/uploads\/2020\/05\/Abbildung-_silvia_neu-300x300.png 300w, https:\/\/silvia-weinans.de\/wp-content\/uploads\/2020\/05\/Abbildung-_silvia_neu-1024x1024.png 1024w, https:\/\/silvia-weinans.de\/wp-content\/uploads\/2020\/05\/Abbildung-_silvia_neu-150x150.png 150w, https:\/\/silvia-weinans.de\/wp-content\/uploads\/2020\/05\/Abbildung-_silvia_neu-1536x1536.png 1536w, https:\/\/silvia-weinans.de\/wp-content\/uploads\/2020\/05\/Abbildung-_silvia_neu-2048x2048.png 2048w\" sizes=\"(max-width: 768px) 100vw, 768px\" \/>\t\t\t\t\t\t\t\t\t\t\t<\/div>\n\t\t\t\t<\/div>\n\t\t\t\t<\/div>\n\t\t\t\t\t\t<\/div>\n\t\t\t\t\t<\/div>\n\t\t<\/div>\n\t\t\t\t\t\t\t\t<\/div>\n\t\t\t\t\t<\/div>\n\t\t<\/section>\n\t\t\t\t\t\t<\/div>\n\t\t\t\t\t\t<\/div>\n\t\t\t\t\t<\/div>\n\t\t","protected":false},"excerpt":{"rendered":"<p>Coaching Einleitung Wir sind als Menschen Lebewesen mit Licht- und Schattenseiten auf dieser Erde. Jede Seite hat seine Funktion und Berechtigung. Wir haben \u00c4ngste.Wir wurden in dem Glauben erzogen, dass man sich \u201cim Griff haben muss\u201d, dass es unschicklich ist, seine \u00c4ngste zu \u00e4u\u00dfern, seine Wut zu zeigen, seine Beklemmungen. Jeder Mensch hat aber all [&hellip;]<\/p>\n","protected":false},"author":1,"featured_media":0,"parent":0,"menu_order":0,"comment_status":"closed","ping_status":"closed","template":"","meta":{"site-sidebar-layout":"no-sidebar","site-content-layout":"page-builder","ast-site-content-layout":"default","site-content-style":"default","site-sidebar-style":"default","ast-global-header-display":"","ast-banner-title-visibility":"","ast-main-header-display":"","ast-hfb-above-header-display":"","ast-hfb-below-header-display":"","ast-hfb-mobile-header-display":"","site-post-title":"disabled","ast-breadcrumbs-content":"","ast-featured-img":"disabled","footer-sml-layout":"","ast-disable-related-posts":"","theme-transparent-header-meta":"enabled","adv-header-id-meta":"","stick-header-meta":"","header-above-stick-meta":"","header-main-stick-meta":"","header-below-stick-meta":"","astra-migrate-meta-layouts":"default","ast-page-background-enabled":"default","ast-page-background-meta":{"desktop":{"background-color":"","background-image":"","background-repeat":"repeat","background-position":"center center","background-size":"auto","background-attachment":"scroll","background-type":"","background-media":"","overlay-type":"","overlay-color":"","overlay-opacity":"","overlay-gradient":""},"tablet":{"background-color":"","background-image":"","background-repeat":"repeat","background-position":"center center","background-size":"auto","background-attachment":"scroll","background-type":"","background-media":"","overlay-type":"","overlay-color":"","overlay-opacity":"","overlay-gradient":""},"mobile":{"background-color":"","background-image":"","background-repeat":"repeat","background-position":"center center","background-size":"auto","background-attachment":"scroll","background-type":"","background-media":"","overlay-type":"","overlay-color":"","overlay-opacity":"","overlay-gradient":""}},"ast-content-background-meta":{"desktop":{"background-color":"var(--ast-global-color-5)","background-image":"","background-repeat":"repeat","background-position":"center center","background-size":"auto","background-attachment":"scroll","background-type":"","background-media":"","overlay-type":"","overlay-color":"","overlay-opacity":"","overlay-gradient":""},"tablet":{"background-color":"var(--ast-global-color-5)","background-image":"","background-repeat":"repeat","background-position":"center center","background-size":"auto","background-attachment":"scroll","background-type":"","background-media":"","overlay-type":"","overlay-color":"","overlay-opacity":"","overlay-gradient":""},"mobile":{"background-color":"var(--ast-global-color-5)","background-image":"","background-repeat":"repeat","background-position":"center center","background-size":"auto","background-attachment":"scroll","background-type":"","background-media":"","overlay-type":"","overlay-color":"","overlay-opacity":"","overlay-gradient":""}}},"yoast_head":"<!-- This site is optimized with the Yoast SEO plugin v15.7 - https:\/\/yoast.com\/wordpress\/plugins\/seo\/ -->\n<title>Life-Coaching Borken | Psychotherapie Borken | silvia-weinans.de<\/title>\n<meta name=\"description\" content=\"Professionelles Life-Coaching in Borken f\u00fcr ein gl\u00fcckliches und eigenst\u00e4ndiges Leben. Starte jetzt Dein individuelles Life-Coaching!\" \/>\n<meta name=\"robots\" content=\"index, follow, max-snippet:-1, max-image-preview:large, max-video-preview:-1\" \/>\n<link rel=\"canonical\" href=\"https:\/\/silvia-weinans.de\/index.php\/life-coaching-borken\/\" \/>\n<meta property=\"og:locale\" content=\"de_DE\" \/>\n<meta property=\"og:type\" content=\"article\" \/>\n<meta property=\"og:title\" content=\"Life-Coaching Borken | Psychotherapie Borken | silvia-weinans.de\" \/>\n<meta property=\"og:description\" content=\"Professionelles Life-Coaching in Borken f\u00fcr ein gl\u00fcckliches und eigenst\u00e4ndiges Leben. Starte jetzt Dein individuelles Life-Coaching!\" \/>\n<meta property=\"og:url\" content=\"https:\/\/silvia-weinans.de\/index.php\/life-coaching-borken\/\" \/>\n<meta property=\"og:site_name\" content=\"Life Coaching\" \/>\n<meta property=\"article:modified_time\" content=\"2021-02-06T17:00:49+00:00\" \/>\n<meta property=\"og:image\" content=\"https:\/\/silvia-weinans.de\/wp-content\/uploads\/2020\/05\/Silvia-coaching-abbildung_neu_02-1024x751.png\" \/>\n<meta name=\"twitter:card\" content=\"summary_large_image\" \/>\n<meta name=\"twitter:label1\" content=\"Gesch\u00e4tzte Lesezeit\">\n\t<meta name=\"twitter:data1\" content=\"3\u00a0Minuten\">\n<script type=\"application\/ld+json\" class=\"yoast-schema-graph\">{\"@context\":\"https:\/\/schema.org\",\"@graph\":[{\"@type\":\"Organization\",\"@id\":\"https:\/\/silvia-weinans.de\/#organization\",\"name\":\"Life Coaching\",\"url\":\"https:\/\/silvia-weinans.de\/\",\"sameAs\":[],\"logo\":{\"@type\":\"ImageObject\",\"@id\":\"https:\/\/silvia-weinans.de\/#logo\",\"inLanguage\":\"de\",\"url\":\"https:\/\/silvia-weinans.de\/wp-content\/uploads\/2020\/05\/Silvia-Image-1.png\",\"width\":1700,\"height\":1700,\"caption\":\"Life Coaching\"},\"image\":{\"@id\":\"https:\/\/silvia-weinans.de\/#logo\"}},{\"@type\":\"WebSite\",\"@id\":\"https:\/\/silvia-weinans.de\/#website\",\"url\":\"https:\/\/silvia-weinans.de\/\",\"name\":\"Life Coaching\",\"description\":\"Silvia Weinans - Heilpraktikerin f\\u00fcr Psychotherapie\",\"publisher\":{\"@id\":\"https:\/\/silvia-weinans.de\/#organization\"},\"potentialAction\":[{\"@type\":\"SearchAction\",\"target\":\"https:\/\/silvia-weinans.de\/?s={search_term_string}\",\"query-input\":\"required name=search_term_string\"}],\"inLanguage\":\"de\"},{\"@type\":\"ImageObject\",\"@id\":\"https:\/\/silvia-weinans.de\/index.php\/life-coaching-borken\/#primaryimage\",\"inLanguage\":\"de\",\"url\":\"https:\/\/silvia-weinans.de\/wp-content\/uploads\/2020\/05\/Silvia-coaching-abbildung_neu_02.png\",\"width\":2000,\"height\":1467,\"caption\":\"Silvia Psychotherapie Borken\"},{\"@type\":\"WebPage\",\"@id\":\"https:\/\/silvia-weinans.de\/index.php\/life-coaching-borken\/#webpage\",\"url\":\"https:\/\/silvia-weinans.de\/index.php\/life-coaching-borken\/\",\"name\":\"Life-Coaching Borken | Psychotherapie Borken | silvia-weinans.de\",\"isPartOf\":{\"@id\":\"https:\/\/silvia-weinans.de\/#website\"},\"primaryImageOfPage\":{\"@id\":\"https:\/\/silvia-weinans.de\/index.php\/life-coaching-borken\/#primaryimage\"},\"datePublished\":\"2021-01-25T13:44:10+00:00\",\"dateModified\":\"2021-02-06T17:00:49+00:00\",\"description\":\"Professionelles Life-Coaching in Borken f\\u00fcr ein gl\\u00fcckliches und eigenst\\u00e4ndiges Leben. Starte jetzt Dein individuelles Life-Coaching!\",\"inLanguage\":\"de\",\"potentialAction\":[{\"@type\":\"ReadAction\",\"target\":[\"https:\/\/silvia-weinans.de\/index.php\/life-coaching-borken\/\"]}]}]}<\/script>\n<!-- \/ Yoast SEO plugin. -->","_links":{"self":[{"href":"https:\/\/silvia-weinans.de\/index.php\/wp-json\/wp\/v2\/pages\/533"}],"collection":[{"href":"https:\/\/silvia-weinans.de\/index.php\/wp-json\/wp\/v2\/pages"}],"about":[{"href":"https:\/\/silvia-weinans.de\/index.php\/wp-json\/wp\/v2\/types\/page"}],"author":[{"embeddable":true,"href":"https:\/\/silvia-weinans.de\/index.php\/wp-json\/wp\/v2\/users\/1"}],"replies":[{"embeddable":true,"href":"https:\/\/silvia-weinans.de\/index.php\/wp-json\/wp\/v2\/comments?post=533"}],"version-history":[{"count":122,"href":"https:\/\/silvia-weinans.de\/index.php\/wp-json\/wp\/v2\/pages\/533\/revisions"}],"predecessor-version":[{"id":993,"href":"https:\/\/silvia-weinans.de\/index.php\/wp-json\/wp\/v2\/pages\/533\/revisions\/993"}],"wp:attachment":[{"href":"https:\/\/silvia-weinans.de\/index.php\/wp-json\/wp\/v2\/media?parent=533"}],"curies":[{"name":"wp","href":"https:\/\/api.w.org\/{rel}","templated":true}]}}